{"id":668,"date":"2024-08-26T22:04:57","date_gmt":"2024-08-26T22:04:57","guid":{"rendered":"https:\/\/lanuevabodega.es\/?post_type=product&#038;p=668"},"modified":"2024-08-26T22:21:52","modified_gmt":"2024-08-26T22:21:52","slug":"tomas-postigo-3o-ano-2021","status":"publish","type":"product","link":"https:\/\/lanuevabodega.es\/en\/product\/tomas-postigo-3o-ano-2021\/","title":{"rendered":"Thomas Postigo 3rd Year 2021"},"content":{"rendered":"<p>Tom\u00e1s Postigo 3\u00ba A\u00f1o 2021 es una cautivadora creaci\u00f3n de la prestigiosa bodega Tom\u00e1s Postigo. Este coupage, anteriormente conocido como Tom\u00e1s Postigo Crianza, refleja la excelencia del Tinto Fino cultivado en vi\u00f1edos seleccionados a altitudes superiores a mil metros sobre el nivel del mar. Con esta renovada versi\u00f3n de su emblema, Tom\u00e1s Postigo reafirma su maestr\u00eda al ofrecer un Ribera envolvente, lleno de sabores y con taninos suaves y maduros.<\/p>","protected":false},"excerpt":{"rendered":"<p>Tom\u00e1s Postigo 3\u00ba A\u00f1o 2021 es una cautivadora creaci\u00f3n de la prestigiosa bodega Tom\u00e1s Postigo. Este coupage, anteriormente conocido como Tom\u00e1s Postigo Crianza, refleja la excelencia del Tinto Fino cultivado en vi\u00f1edos seleccionados a altitudes superiores a mil metros sobre el nivel del mar. Con esta renovada versi\u00f3n de su emblema, Tom\u00e1s Postigo reafirma su [&hellip;]<\/p>\n","protected":false},"featured_media":685,"comment_status":"open","ping_status":"closed","template":"","meta":[],"product_brand":[],"product_cat":[30,19],"product_tag":[],"class_list":{"0":"post-668","1":"product","2":"type-product","3":"status-publish","4":"has-post-thumbnail","6":"product_cat-ribera-del-duero","7":"product_cat-vinos","9":"first","10":"instock","11":"shipping-taxable","12":"purchasable","13":"product-type-simple"},"yoast_head":"<!-- This site is optimized with the Yoast SEO plugin v27.5 - https:\/\/yoast.com\/product\/yoast-seo-wordpress\/ -->\n<title>Tom\u00e1s Postigo 3\u00ba A\u00f1o 2021 - lanuevabodega<\/title>\n<meta name=\"robots\" content=\"index, follow, max-snippet:-1, max-image-preview:large, max-video-preview:-1\" \/>\n<link rel=\"canonical\" href=\"https:\/\/lanuevabodega.es\/en\/product\/tomas-postigo-3o-ano-2021\/\" \/>\n<meta property=\"og:locale\" content=\"en_GB\" \/>\n<meta property=\"og:type\" content=\"article\" \/>\n<meta property=\"og:title\" content=\"Tom\u00e1s Postigo 3\u00ba A\u00f1o 2021 - lanuevabodega\" \/>\n<meta property=\"og:description\" content=\"Tom\u00e1s Postigo 3\u00ba A\u00f1o 2021 es una cautivadora creaci\u00f3n de la prestigiosa bodega Tom\u00e1s Postigo. Este coupage, anteriormente conocido como Tom\u00e1s Postigo Crianza, refleja la excelencia del Tinto Fino cultivado en vi\u00f1edos seleccionados a altitudes superiores a mil metros sobre el nivel del mar. Con esta renovada versi\u00f3n de su emblema, Tom\u00e1s Postigo reafirma su [&hellip;]\" \/>\n<meta property=\"og:url\" content=\"https:\/\/lanuevabodega.es\/en\/product\/tomas-postigo-3o-ano-2021\/\" \/>\n<meta property=\"og:site_name\" content=\"lanuevabodega\" \/>\n<meta property=\"article:modified_time\" content=\"2024-08-26T22:21:52+00:00\" \/>\n<meta property=\"og:image\" content=\"https:\/\/lanuevabodega.es\/wp-content\/uploads\/2024\/08\/tomas-postigo-3er-ano-crianza.jpg\" \/>\n\t<meta property=\"og:image:width\" content=\"800\" \/>\n\t<meta property=\"og:image:height\" content=\"800\" \/>\n\t<meta property=\"og:image:type\" content=\"image\/jpeg\" \/>\n<meta name=\"twitter:card\" content=\"summary_large_image\" \/>\n<script type=\"application\/ld+json\" class=\"yoast-schema-graph\">{\"@context\":\"https:\\\/\\\/schema.org\",\"@graph\":[{\"@type\":\"WebPage\",\"@id\":\"https:\\\/\\\/lanuevabodega.es\\\/producto\\\/tomas-postigo-3o-ano-2021\\\/\",\"url\":\"https:\\\/\\\/lanuevabodega.es\\\/producto\\\/tomas-postigo-3o-ano-2021\\\/\",\"name\":\"Tom\u00e1s Postigo 3\u00ba A\u00f1o 2021 - lanuevabodega\",\"isPartOf\":{\"@id\":\"https:\\\/\\\/lanuevabodega.es\\\/#website\"},\"primaryImageOfPage\":{\"@id\":\"https:\\\/\\\/lanuevabodega.es\\\/producto\\\/tomas-postigo-3o-ano-2021\\\/#primaryimage\"},\"image\":{\"@id\":\"https:\\\/\\\/lanuevabodega.es\\\/producto\\\/tomas-postigo-3o-ano-2021\\\/#primaryimage\"},\"thumbnailUrl\":\"https:\\\/\\\/lanuevabodega.es\\\/wp-content\\\/uploads\\\/2024\\\/08\\\/tomas-postigo-3er-ano-crianza.jpg\",\"datePublished\":\"2024-08-26T22:04:57+00:00\",\"dateModified\":\"2024-08-26T22:21:52+00:00\",\"breadcrumb\":{\"@id\":\"https:\\\/\\\/lanuevabodega.es\\\/producto\\\/tomas-postigo-3o-ano-2021\\\/#breadcrumb\"},\"inLanguage\":\"en-GB\",\"potentialAction\":[{\"@type\":\"ReadAction\",\"target\":[\"https:\\\/\\\/lanuevabodega.es\\\/producto\\\/tomas-postigo-3o-ano-2021\\\/\"]}]},{\"@type\":\"ImageObject\",\"inLanguage\":\"en-GB\",\"@id\":\"https:\\\/\\\/lanuevabodega.es\\\/producto\\\/tomas-postigo-3o-ano-2021\\\/#primaryimage\",\"url\":\"https:\\\/\\\/lanuevabodega.es\\\/wp-content\\\/uploads\\\/2024\\\/08\\\/tomas-postigo-3er-ano-crianza.jpg\",\"contentUrl\":\"https:\\\/\\\/lanuevabodega.es\\\/wp-content\\\/uploads\\\/2024\\\/08\\\/tomas-postigo-3er-ano-crianza.jpg\",\"width\":800,\"height\":800},{\"@type\":\"BreadcrumbList\",\"@id\":\"https:\\\/\\\/lanuevabodega.es\\\/producto\\\/tomas-postigo-3o-ano-2021\\\/#breadcrumb\",\"itemListElement\":[{\"@type\":\"ListItem\",\"position\":1,\"name\":\"Portada\",\"item\":\"https:\\\/\\\/lanuevabodega.es\\\/\"},{\"@type\":\"ListItem\",\"position\":2,\"name\":\"Productos\",\"item\":\"https:\\\/\\\/lanuevabodega.es\\\/shop\\\/\"},{\"@type\":\"ListItem\",\"position\":3,\"name\":\"Tom\u00e1s Postigo 3\u00ba A\u00f1o 2021\"}]},{\"@type\":\"WebSite\",\"@id\":\"https:\\\/\\\/lanuevabodega.es\\\/#website\",\"url\":\"https:\\\/\\\/lanuevabodega.es\\\/\",\"name\":\"lanuevabodega\",\"description\":\"Tienda de Alimentaci\u00f3n\",\"publisher\":{\"@id\":\"https:\\\/\\\/lanuevabodega.es\\\/#organization\"},\"potentialAction\":[{\"@type\":\"SearchAction\",\"target\":{\"@type\":\"EntryPoint\",\"urlTemplate\":\"https:\\\/\\\/lanuevabodega.es\\\/?s={search_term_string}\"},\"query-input\":{\"@type\":\"PropertyValueSpecification\",\"valueRequired\":true,\"valueName\":\"search_term_string\"}}],\"inLanguage\":\"en-GB\"},{\"@type\":\"Organization\",\"@id\":\"https:\\\/\\\/lanuevabodega.es\\\/#organization\",\"name\":\"lanuevabodega\",\"url\":\"https:\\\/\\\/lanuevabodega.es\\\/\",\"logo\":{\"@type\":\"ImageObject\",\"inLanguage\":\"en-GB\",\"@id\":\"https:\\\/\\\/lanuevabodega.es\\\/#\\\/schema\\\/logo\\\/image\\\/\",\"url\":\"https:\\\/\\\/lanuevabodega.es\\\/wp-content\\\/uploads\\\/2024\\\/01\\\/logo_cambiado-e1708800542544.png\",\"contentUrl\":\"https:\\\/\\\/lanuevabodega.es\\\/wp-content\\\/uploads\\\/2024\\\/01\\\/logo_cambiado-e1708800542544.png\",\"width\":1467,\"height\":1450,\"caption\":\"lanuevabodega\"},\"image\":{\"@id\":\"https:\\\/\\\/lanuevabodega.es\\\/#\\\/schema\\\/logo\\\/image\\\/\"}}]}<\/script>\n<!-- \/ Yoast SEO plugin. -->","yoast_head_json":{"title":"Tom\u00e1s Postigo 3\u00ba A\u00f1o 2021 - lanuevabodega","robots":{"index":"index","follow":"follow","max-snippet":"max-snippet:-1","max-image-preview":"max-image-preview:large","max-video-preview":"max-video-preview:-1"},"canonical":"https:\/\/lanuevabodega.es\/en\/product\/tomas-postigo-3o-ano-2021\/","og_locale":"en_GB","og_type":"article","og_title":"Tom\u00e1s Postigo 3\u00ba A\u00f1o 2021 - lanuevabodega","og_description":"Tom\u00e1s Postigo 3\u00ba A\u00f1o 2021 es una cautivadora creaci\u00f3n de la prestigiosa bodega Tom\u00e1s Postigo. Este coupage, anteriormente conocido como Tom\u00e1s Postigo Crianza, refleja la excelencia del Tinto Fino cultivado en vi\u00f1edos seleccionados a altitudes superiores a mil metros sobre el nivel del mar. Con esta renovada versi\u00f3n de su emblema, Tom\u00e1s Postigo reafirma su [&hellip;]","og_url":"https:\/\/lanuevabodega.es\/en\/product\/tomas-postigo-3o-ano-2021\/","og_site_name":"lanuevabodega","article_modified_time":"2024-08-26T22:21:52+00:00","og_image":[{"width":800,"height":800,"url":"https:\/\/lanuevabodega.es\/wp-content\/uploads\/2024\/08\/tomas-postigo-3er-ano-crianza.jpg","type":"image\/jpeg"}],"twitter_card":"summary_large_image","schema":{"@context":"https:\/\/schema.org","@graph":[{"@type":"WebPage","@id":"https:\/\/lanuevabodega.es\/producto\/tomas-postigo-3o-ano-2021\/","url":"https:\/\/lanuevabodega.es\/producto\/tomas-postigo-3o-ano-2021\/","name":"Tom\u00e1s Postigo 3\u00ba A\u00f1o 2021 - lanuevabodega","isPartOf":{"@id":"https:\/\/lanuevabodega.es\/#website"},"primaryImageOfPage":{"@id":"https:\/\/lanuevabodega.es\/producto\/tomas-postigo-3o-ano-2021\/#primaryimage"},"image":{"@id":"https:\/\/lanuevabodega.es\/producto\/tomas-postigo-3o-ano-2021\/#primaryimage"},"thumbnailUrl":"https:\/\/lanuevabodega.es\/wp-content\/uploads\/2024\/08\/tomas-postigo-3er-ano-crianza.jpg","datePublished":"2024-08-26T22:04:57+00:00","dateModified":"2024-08-26T22:21:52+00:00","breadcrumb":{"@id":"https:\/\/lanuevabodega.es\/producto\/tomas-postigo-3o-ano-2021\/#breadcrumb"},"inLanguage":"en-GB","potentialAction":[{"@type":"ReadAction","target":["https:\/\/lanuevabodega.es\/producto\/tomas-postigo-3o-ano-2021\/"]}]},{"@type":"ImageObject","inLanguage":"en-GB","@id":"https:\/\/lanuevabodega.es\/producto\/tomas-postigo-3o-ano-2021\/#primaryimage","url":"https:\/\/lanuevabodega.es\/wp-content\/uploads\/2024\/08\/tomas-postigo-3er-ano-crianza.jpg","contentUrl":"https:\/\/lanuevabodega.es\/wp-content\/uploads\/2024\/08\/tomas-postigo-3er-ano-crianza.jpg","width":800,"height":800},{"@type":"BreadcrumbList","@id":"https:\/\/lanuevabodega.es\/producto\/tomas-postigo-3o-ano-2021\/#breadcrumb","itemListElement":[{"@type":"ListItem","position":1,"name":"Portada","item":"https:\/\/lanuevabodega.es\/"},{"@type":"ListItem","position":2,"name":"Productos","item":"https:\/\/lanuevabodega.es\/shop\/"},{"@type":"ListItem","position":3,"name":"Tom\u00e1s Postigo 3\u00ba A\u00f1o 2021"}]},{"@type":"WebSite","@id":"https:\/\/lanuevabodega.es\/#website","url":"https:\/\/lanuevabodega.es\/","name":"lanuevabodega","description":"Tienda de Alimentaci\u00f3n","publisher":{"@id":"https:\/\/lanuevabodega.es\/#organization"},"potentialAction":[{"@type":"SearchAction","target":{"@type":"EntryPoint","urlTemplate":"https:\/\/lanuevabodega.es\/?s={search_term_string}"},"query-input":{"@type":"PropertyValueSpecification","valueRequired":true,"valueName":"search_term_string"}}],"inLanguage":"en-GB"},{"@type":"Organization","@id":"https:\/\/lanuevabodega.es\/#organization","name":"lanuevabodega","url":"https:\/\/lanuevabodega.es\/","logo":{"@type":"ImageObject","inLanguage":"en-GB","@id":"https:\/\/lanuevabodega.es\/#\/schema\/logo\/image\/","url":"https:\/\/lanuevabodega.es\/wp-content\/uploads\/2024\/01\/logo_cambiado-e1708800542544.png","contentUrl":"https:\/\/lanuevabodega.es\/wp-content\/uploads\/2024\/01\/logo_cambiado-e1708800542544.png","width":1467,"height":1450,"caption":"lanuevabodega"},"image":{"@id":"https:\/\/lanuevabodega.es\/#\/schema\/logo\/image\/"}}]}},"_links":{"self":[{"href":"https:\/\/lanuevabodega.es\/en\/wp-json\/wp\/v2\/product\/668","targetHints":{"allow":["GET"]}}],"collection":[{"href":"https:\/\/lanuevabodega.es\/en\/wp-json\/wp\/v2\/product"}],"about":[{"href":"https:\/\/lanuevabodega.es\/en\/wp-json\/wp\/v2\/types\/product"}],"replies":[{"embeddable":true,"href":"https:\/\/lanuevabodega.es\/en\/wp-json\/wp\/v2\/comments?post=668"}],"wp:featuredmedia":[{"embeddable":true,"href":"https:\/\/lanuevabodega.es\/en\/wp-json\/wp\/v2\/media\/685"}],"wp:attachment":[{"href":"https:\/\/lanuevabodega.es\/en\/wp-json\/wp\/v2\/media?parent=668"}],"wp:term":[{"taxonomy":"product_brand","embeddable":true,"href":"https:\/\/lanuevabodega.es\/en\/wp-json\/wp\/v2\/product_brand?post=668"},{"taxonomy":"product_cat","embeddable":true,"href":"https:\/\/lanuevabodega.es\/en\/wp-json\/wp\/v2\/product_cat?post=668"},{"taxonomy":"product_tag","embeddable":true,"href":"https:\/\/lanuevabodega.es\/en\/wp-json\/wp\/v2\/product_tag?post=668"}],"curies":[{"name":"wp","href":"https:\/\/api.w.org\/{rel}","templated":true}]}}