{"id":663,"date":"2024-08-26T22:04:56","date_gmt":"2024-08-26T22:04:56","guid":{"rendered":"https:\/\/lanuevabodega.es\/?post_type=product&#038;p=663"},"modified":"2024-08-26T22:05:07","modified_gmt":"2024-08-26T22:05:07","slug":"macan-2019","status":"publish","type":"product","link":"https:\/\/lanuevabodega.es\/en\/product\/macan-2019\/","title":{"rendered":"Mac\u00e1n 2019"},"content":{"rendered":"<p>Mac\u00e1n es una interpretaci\u00f3n moderna y \u00fanica de los vinos de alta expresi\u00f3n y m\u00e1xima calidad de la D.O. Ca. Rioja. Se distingue por su finura, elegancia, complejidad y potencia, siendo el emblema de Bodegas Benjamin de Rothschild &#038; Vega Sicilia, un proyecto iniciado en 2004 por Tempos Vega Sicilia y la Compa\u00f1\u00eda Vin\u00edcola Edmond de Rothschild. La primera a\u00f1ada sali\u00f3 al mercado en 2009, y este Mac\u00e1n 2019 destaca por su car\u00e1cter corpulento, jugoso y firme, con una personalidad a\u00fan algo reservada, pero con un enorme potencial de evoluci\u00f3n.<\/p>","protected":false},"excerpt":{"rendered":"<p>Mac\u00e1n es una interpretaci\u00f3n moderna y \u00fanica de los vinos de alta expresi\u00f3n y m\u00e1xima calidad de la D.O. Ca. Rioja. Se distingue por su finura, elegancia, complejidad y potencia, siendo el emblema de Bodegas Benjamin de Rothschild &#038; Vega Sicilia, un proyecto iniciado en 2004 por Tempos Vega Sicilia y la Compa\u00f1\u00eda Vin\u00edcola Edmond [&hellip;]<\/p>\n","protected":false},"featured_media":678,"comment_status":"open","ping_status":"closed","template":"","meta":[],"product_brand":[],"product_cat":[31,19],"product_tag":[],"class_list":{"0":"post-663","1":"product","2":"type-product","3":"status-publish","4":"has-post-thumbnail","6":"product_cat-rioja","7":"product_cat-vinos","9":"first","10":"instock","11":"shipping-taxable","12":"purchasable","13":"product-type-simple"},"yoast_head":"<!-- This site is optimized with the Yoast SEO plugin v27.4 - https:\/\/yoast.com\/product\/yoast-seo-wordpress\/ -->\n<title>Mac\u00e1n 2019 - lanuevabodega<\/title>\n<meta name=\"robots\" content=\"index, follow, max-snippet:-1, max-image-preview:large, max-video-preview:-1\" \/>\n<link rel=\"canonical\" href=\"https:\/\/lanuevabodega.es\/en\/product\/macan-2019\/\" \/>\n<meta property=\"og:locale\" content=\"en_GB\" \/>\n<meta property=\"og:type\" content=\"article\" \/>\n<meta property=\"og:title\" content=\"Mac\u00e1n 2019 - lanuevabodega\" \/>\n<meta property=\"og:description\" content=\"Mac\u00e1n es una interpretaci\u00f3n moderna y \u00fanica de los vinos de alta expresi\u00f3n y m\u00e1xima calidad de la D.O. Ca. Rioja. Se distingue por su finura, elegancia, complejidad y potencia, siendo el emblema de Bodegas Benjamin de Rothschild &#038; Vega Sicilia, un proyecto iniciado en 2004 por Tempos Vega Sicilia y la Compa\u00f1\u00eda Vin\u00edcola Edmond [&hellip;]\" \/>\n<meta property=\"og:url\" content=\"https:\/\/lanuevabodega.es\/en\/product\/macan-2019\/\" \/>\n<meta property=\"og:site_name\" content=\"lanuevabodega\" \/>\n<meta property=\"article:modified_time\" content=\"2024-08-26T22:05:07+00:00\" \/>\n<meta property=\"og:image\" content=\"https:\/\/lanuevabodega.es\/wp-content\/uploads\/2024\/08\/bot-macan-2019.png\" \/>\n\t<meta property=\"og:image:width\" content=\"504\" \/>\n\t<meta property=\"og:image:height\" content=\"800\" \/>\n\t<meta property=\"og:image:type\" content=\"image\/png\" \/>\n<meta name=\"twitter:card\" content=\"summary_large_image\" \/>\n<script type=\"application\/ld+json\" class=\"yoast-schema-graph\">{\"@context\":\"https:\\\/\\\/schema.org\",\"@graph\":[{\"@type\":\"WebPage\",\"@id\":\"https:\\\/\\\/lanuevabodega.es\\\/producto\\\/macan-2019\\\/\",\"url\":\"https:\\\/\\\/lanuevabodega.es\\\/producto\\\/macan-2019\\\/\",\"name\":\"Mac\u00e1n 2019 - lanuevabodega\",\"isPartOf\":{\"@id\":\"https:\\\/\\\/lanuevabodega.es\\\/#website\"},\"primaryImageOfPage\":{\"@id\":\"https:\\\/\\\/lanuevabodega.es\\\/producto\\\/macan-2019\\\/#primaryimage\"},\"image\":{\"@id\":\"https:\\\/\\\/lanuevabodega.es\\\/producto\\\/macan-2019\\\/#primaryimage\"},\"thumbnailUrl\":\"https:\\\/\\\/lanuevabodega.es\\\/wp-content\\\/uploads\\\/2024\\\/08\\\/bot-macan-2019.png\",\"datePublished\":\"2024-08-26T22:04:56+00:00\",\"dateModified\":\"2024-08-26T22:05:07+00:00\",\"breadcrumb\":{\"@id\":\"https:\\\/\\\/lanuevabodega.es\\\/producto\\\/macan-2019\\\/#breadcrumb\"},\"inLanguage\":\"en-GB\",\"potentialAction\":[{\"@type\":\"ReadAction\",\"target\":[\"https:\\\/\\\/lanuevabodega.es\\\/producto\\\/macan-2019\\\/\"]}]},{\"@type\":\"ImageObject\",\"inLanguage\":\"en-GB\",\"@id\":\"https:\\\/\\\/lanuevabodega.es\\\/producto\\\/macan-2019\\\/#primaryimage\",\"url\":\"https:\\\/\\\/lanuevabodega.es\\\/wp-content\\\/uploads\\\/2024\\\/08\\\/bot-macan-2019.png\",\"contentUrl\":\"https:\\\/\\\/lanuevabodega.es\\\/wp-content\\\/uploads\\\/2024\\\/08\\\/bot-macan-2019.png\",\"width\":504,\"height\":800},{\"@type\":\"BreadcrumbList\",\"@id\":\"https:\\\/\\\/lanuevabodega.es\\\/producto\\\/macan-2019\\\/#breadcrumb\",\"itemListElement\":[{\"@type\":\"ListItem\",\"position\":1,\"name\":\"Portada\",\"item\":\"https:\\\/\\\/lanuevabodega.es\\\/\"},{\"@type\":\"ListItem\",\"position\":2,\"name\":\"Productos\",\"item\":\"https:\\\/\\\/lanuevabodega.es\\\/shop\\\/\"},{\"@type\":\"ListItem\",\"position\":3,\"name\":\"Mac\u00e1n 2019\"}]},{\"@type\":\"WebSite\",\"@id\":\"https:\\\/\\\/lanuevabodega.es\\\/#website\",\"url\":\"https:\\\/\\\/lanuevabodega.es\\\/\",\"name\":\"lanuevabodega\",\"description\":\"Tienda de Alimentaci\u00f3n\",\"publisher\":{\"@id\":\"https:\\\/\\\/lanuevabodega.es\\\/#organization\"},\"potentialAction\":[{\"@type\":\"SearchAction\",\"target\":{\"@type\":\"EntryPoint\",\"urlTemplate\":\"https:\\\/\\\/lanuevabodega.es\\\/?s={search_term_string}\"},\"query-input\":{\"@type\":\"PropertyValueSpecification\",\"valueRequired\":true,\"valueName\":\"search_term_string\"}}],\"inLanguage\":\"en-GB\"},{\"@type\":\"Organization\",\"@id\":\"https:\\\/\\\/lanuevabodega.es\\\/#organization\",\"name\":\"lanuevabodega\",\"url\":\"https:\\\/\\\/lanuevabodega.es\\\/\",\"logo\":{\"@type\":\"ImageObject\",\"inLanguage\":\"en-GB\",\"@id\":\"https:\\\/\\\/lanuevabodega.es\\\/#\\\/schema\\\/logo\\\/image\\\/\",\"url\":\"https:\\\/\\\/lanuevabodega.es\\\/wp-content\\\/uploads\\\/2024\\\/01\\\/logo_cambiado-e1708800542544.png\",\"contentUrl\":\"https:\\\/\\\/lanuevabodega.es\\\/wp-content\\\/uploads\\\/2024\\\/01\\\/logo_cambiado-e1708800542544.png\",\"width\":1467,\"height\":1450,\"caption\":\"lanuevabodega\"},\"image\":{\"@id\":\"https:\\\/\\\/lanuevabodega.es\\\/#\\\/schema\\\/logo\\\/image\\\/\"}}]}<\/script>\n<!-- \/ Yoast SEO plugin. -->","yoast_head_json":{"title":"Mac\u00e1n 2019 - lanuevabodega","robots":{"index":"index","follow":"follow","max-snippet":"max-snippet:-1","max-image-preview":"max-image-preview:large","max-video-preview":"max-video-preview:-1"},"canonical":"https:\/\/lanuevabodega.es\/en\/product\/macan-2019\/","og_locale":"en_GB","og_type":"article","og_title":"Mac\u00e1n 2019 - lanuevabodega","og_description":"Mac\u00e1n es una interpretaci\u00f3n moderna y \u00fanica de los vinos de alta expresi\u00f3n y m\u00e1xima calidad de la D.O. Ca. Rioja. Se distingue por su finura, elegancia, complejidad y potencia, siendo el emblema de Bodegas Benjamin de Rothschild &#038; Vega Sicilia, un proyecto iniciado en 2004 por Tempos Vega Sicilia y la Compa\u00f1\u00eda Vin\u00edcola Edmond [&hellip;]","og_url":"https:\/\/lanuevabodega.es\/en\/product\/macan-2019\/","og_site_name":"lanuevabodega","article_modified_time":"2024-08-26T22:05:07+00:00","og_image":[{"width":504,"height":800,"url":"https:\/\/lanuevabodega.es\/wp-content\/uploads\/2024\/08\/bot-macan-2019.png","type":"image\/png"}],"twitter_card":"summary_large_image","schema":{"@context":"https:\/\/schema.org","@graph":[{"@type":"WebPage","@id":"https:\/\/lanuevabodega.es\/producto\/macan-2019\/","url":"https:\/\/lanuevabodega.es\/producto\/macan-2019\/","name":"Mac\u00e1n 2019 - lanuevabodega","isPartOf":{"@id":"https:\/\/lanuevabodega.es\/#website"},"primaryImageOfPage":{"@id":"https:\/\/lanuevabodega.es\/producto\/macan-2019\/#primaryimage"},"image":{"@id":"https:\/\/lanuevabodega.es\/producto\/macan-2019\/#primaryimage"},"thumbnailUrl":"https:\/\/lanuevabodega.es\/wp-content\/uploads\/2024\/08\/bot-macan-2019.png","datePublished":"2024-08-26T22:04:56+00:00","dateModified":"2024-08-26T22:05:07+00:00","breadcrumb":{"@id":"https:\/\/lanuevabodega.es\/producto\/macan-2019\/#breadcrumb"},"inLanguage":"en-GB","potentialAction":[{"@type":"ReadAction","target":["https:\/\/lanuevabodega.es\/producto\/macan-2019\/"]}]},{"@type":"ImageObject","inLanguage":"en-GB","@id":"https:\/\/lanuevabodega.es\/producto\/macan-2019\/#primaryimage","url":"https:\/\/lanuevabodega.es\/wp-content\/uploads\/2024\/08\/bot-macan-2019.png","contentUrl":"https:\/\/lanuevabodega.es\/wp-content\/uploads\/2024\/08\/bot-macan-2019.png","width":504,"height":800},{"@type":"BreadcrumbList","@id":"https:\/\/lanuevabodega.es\/producto\/macan-2019\/#breadcrumb","itemListElement":[{"@type":"ListItem","position":1,"name":"Portada","item":"https:\/\/lanuevabodega.es\/"},{"@type":"ListItem","position":2,"name":"Productos","item":"https:\/\/lanuevabodega.es\/shop\/"},{"@type":"ListItem","position":3,"name":"Mac\u00e1n 2019"}]},{"@type":"WebSite","@id":"https:\/\/lanuevabodega.es\/#website","url":"https:\/\/lanuevabodega.es\/","name":"lanuevabodega","description":"Tienda de Alimentaci\u00f3n","publisher":{"@id":"https:\/\/lanuevabodega.es\/#organization"},"potentialAction":[{"@type":"SearchAction","target":{"@type":"EntryPoint","urlTemplate":"https:\/\/lanuevabodega.es\/?s={search_term_string}"},"query-input":{"@type":"PropertyValueSpecification","valueRequired":true,"valueName":"search_term_string"}}],"inLanguage":"en-GB"},{"@type":"Organization","@id":"https:\/\/lanuevabodega.es\/#organization","name":"lanuevabodega","url":"https:\/\/lanuevabodega.es\/","logo":{"@type":"ImageObject","inLanguage":"en-GB","@id":"https:\/\/lanuevabodega.es\/#\/schema\/logo\/image\/","url":"https:\/\/lanuevabodega.es\/wp-content\/uploads\/2024\/01\/logo_cambiado-e1708800542544.png","contentUrl":"https:\/\/lanuevabodega.es\/wp-content\/uploads\/2024\/01\/logo_cambiado-e1708800542544.png","width":1467,"height":1450,"caption":"lanuevabodega"},"image":{"@id":"https:\/\/lanuevabodega.es\/#\/schema\/logo\/image\/"}}]}},"_links":{"self":[{"href":"https:\/\/lanuevabodega.es\/en\/wp-json\/wp\/v2\/product\/663","targetHints":{"allow":["GET"]}}],"collection":[{"href":"https:\/\/lanuevabodega.es\/en\/wp-json\/wp\/v2\/product"}],"about":[{"href":"https:\/\/lanuevabodega.es\/en\/wp-json\/wp\/v2\/types\/product"}],"replies":[{"embeddable":true,"href":"https:\/\/lanuevabodega.es\/en\/wp-json\/wp\/v2\/comments?post=663"}],"wp:featuredmedia":[{"embeddable":true,"href":"https:\/\/lanuevabodega.es\/en\/wp-json\/wp\/v2\/media\/678"}],"wp:attachment":[{"href":"https:\/\/lanuevabodega.es\/en\/wp-json\/wp\/v2\/media?parent=663"}],"wp:term":[{"taxonomy":"product_brand","embeddable":true,"href":"https:\/\/lanuevabodega.es\/en\/wp-json\/wp\/v2\/product_brand?post=663"},{"taxonomy":"product_cat","embeddable":true,"href":"https:\/\/lanuevabodega.es\/en\/wp-json\/wp\/v2\/product_cat?post=663"},{"taxonomy":"product_tag","embeddable":true,"href":"https:\/\/lanuevabodega.es\/en\/wp-json\/wp\/v2\/product_tag?post=663"}],"curies":[{"name":"wp","href":"https:\/\/api.w.org\/{rel}","templated":true}]}}