{"id":661,"date":"2024-08-26T22:04:56","date_gmt":"2024-08-26T22:04:56","guid":{"rendered":"https:\/\/lanuevabodega.es\/?post_type=product&#038;p=661"},"modified":"2024-08-26T22:05:05","modified_gmt":"2024-08-26T22:05:05","slug":"el-anejon-2019","status":"publish","type":"product","link":"https:\/\/lanuevabodega.es\/en\/product\/el-anejon-2019\/","title":{"rendered":"El Anej\u00f3n 2019"},"content":{"rendered":"<p>El Anej\u00f3n surge de un lugar \u00fanico dentro de Pago de Carraovejas, ubicado en uno de los pocos vi\u00f1edos de la Ribera del Duero plantado en terrazas, algo m\u00e1s t\u00edpico de otras regiones. Las primeras vinificaciones revelaron que estas vi\u00f1as produc\u00edan uvas con una personalidad distinta, caracterizadas por notas m\u00e1s florales que frutales. Esto llev\u00f3 a embotellar en 2009 la primera a\u00f1ada de un tinto dise\u00f1ado para no pasar desapercibido, elaborado \u00fanicamente en los mejores a\u00f1os de la bodega. Su exclusividad se refleja tambi\u00e9n en su presentaci\u00f3n, cuidadosamente estuchado.<\/p>","protected":false},"excerpt":{"rendered":"<p>El Anej\u00f3n surge de un lugar \u00fanico dentro de Pago de Carraovejas, ubicado en uno de los pocos vi\u00f1edos de la Ribera del Duero plantado en terrazas, algo m\u00e1s t\u00edpico de otras regiones. Las primeras vinificaciones revelaron que estas vi\u00f1as produc\u00edan uvas con una personalidad distinta, caracterizadas por notas m\u00e1s florales que frutales. Esto llev\u00f3 [&hellip;]<\/p>\n","protected":false},"featured_media":676,"comment_status":"open","ping_status":"closed","template":"","meta":[],"product_brand":[],"product_cat":[30,19],"product_tag":[],"class_list":{"0":"post-661","1":"product","2":"type-product","3":"status-publish","4":"has-post-thumbnail","6":"product_cat-ribera-del-duero","7":"product_cat-vinos","9":"first","10":"instock","11":"shipping-taxable","12":"purchasable","13":"product-type-simple"},"yoast_head":"<!-- This site is optimized with the Yoast SEO plugin v27.4 - https:\/\/yoast.com\/product\/yoast-seo-wordpress\/ -->\n<title>El Anej\u00f3n 2019 - lanuevabodega<\/title>\n<meta name=\"robots\" content=\"index, follow, max-snippet:-1, max-image-preview:large, max-video-preview:-1\" \/>\n<link rel=\"canonical\" href=\"https:\/\/lanuevabodega.es\/en\/product\/el-anejon-2019\/\" \/>\n<meta property=\"og:locale\" content=\"en_GB\" \/>\n<meta property=\"og:type\" content=\"article\" \/>\n<meta property=\"og:title\" content=\"El Anej\u00f3n 2019 - lanuevabodega\" \/>\n<meta property=\"og:description\" content=\"El Anej\u00f3n surge de un lugar \u00fanico dentro de Pago de Carraovejas, ubicado en uno de los pocos vi\u00f1edos de la Ribera del Duero plantado en terrazas, algo m\u00e1s t\u00edpico de otras regiones. Las primeras vinificaciones revelaron que estas vi\u00f1as produc\u00edan uvas con una personalidad distinta, caracterizadas por notas m\u00e1s florales que frutales. Esto llev\u00f3 [&hellip;]\" \/>\n<meta property=\"og:url\" content=\"https:\/\/lanuevabodega.es\/en\/product\/el-anejon-2019\/\" \/>\n<meta property=\"og:site_name\" content=\"lanuevabodega\" \/>\n<meta property=\"article:modified_time\" content=\"2024-08-26T22:05:05+00:00\" \/>\n<meta property=\"og:image\" content=\"https:\/\/lanuevabodega.es\/wp-content\/uploads\/2024\/08\/bot-anejon-2019-estuche.png\" \/>\n\t<meta property=\"og:image:width\" content=\"504\" \/>\n\t<meta property=\"og:image:height\" content=\"800\" \/>\n\t<meta property=\"og:image:type\" content=\"image\/png\" \/>\n<meta name=\"twitter:card\" content=\"summary_large_image\" \/>\n<meta name=\"twitter:label1\" content=\"Estimated reading time\" \/>\n\t<meta name=\"twitter:data1\" content=\"1 minute\" \/>\n<script type=\"application\/ld+json\" class=\"yoast-schema-graph\">{\"@context\":\"https:\\\/\\\/schema.org\",\"@graph\":[{\"@type\":\"WebPage\",\"@id\":\"https:\\\/\\\/lanuevabodega.es\\\/producto\\\/el-anejon-2019\\\/\",\"url\":\"https:\\\/\\\/lanuevabodega.es\\\/producto\\\/el-anejon-2019\\\/\",\"name\":\"El Anej\u00f3n 2019 - lanuevabodega\",\"isPartOf\":{\"@id\":\"https:\\\/\\\/lanuevabodega.es\\\/#website\"},\"primaryImageOfPage\":{\"@id\":\"https:\\\/\\\/lanuevabodega.es\\\/producto\\\/el-anejon-2019\\\/#primaryimage\"},\"image\":{\"@id\":\"https:\\\/\\\/lanuevabodega.es\\\/producto\\\/el-anejon-2019\\\/#primaryimage\"},\"thumbnailUrl\":\"https:\\\/\\\/lanuevabodega.es\\\/wp-content\\\/uploads\\\/2024\\\/08\\\/bot-anejon-2019-estuche.png\",\"datePublished\":\"2024-08-26T22:04:56+00:00\",\"dateModified\":\"2024-08-26T22:05:05+00:00\",\"breadcrumb\":{\"@id\":\"https:\\\/\\\/lanuevabodega.es\\\/producto\\\/el-anejon-2019\\\/#breadcrumb\"},\"inLanguage\":\"en-GB\",\"potentialAction\":[{\"@type\":\"ReadAction\",\"target\":[\"https:\\\/\\\/lanuevabodega.es\\\/producto\\\/el-anejon-2019\\\/\"]}]},{\"@type\":\"ImageObject\",\"inLanguage\":\"en-GB\",\"@id\":\"https:\\\/\\\/lanuevabodega.es\\\/producto\\\/el-anejon-2019\\\/#primaryimage\",\"url\":\"https:\\\/\\\/lanuevabodega.es\\\/wp-content\\\/uploads\\\/2024\\\/08\\\/bot-anejon-2019-estuche.png\",\"contentUrl\":\"https:\\\/\\\/lanuevabodega.es\\\/wp-content\\\/uploads\\\/2024\\\/08\\\/bot-anejon-2019-estuche.png\",\"width\":504,\"height\":800},{\"@type\":\"BreadcrumbList\",\"@id\":\"https:\\\/\\\/lanuevabodega.es\\\/producto\\\/el-anejon-2019\\\/#breadcrumb\",\"itemListElement\":[{\"@type\":\"ListItem\",\"position\":1,\"name\":\"Portada\",\"item\":\"https:\\\/\\\/lanuevabodega.es\\\/\"},{\"@type\":\"ListItem\",\"position\":2,\"name\":\"Productos\",\"item\":\"https:\\\/\\\/lanuevabodega.es\\\/shop\\\/\"},{\"@type\":\"ListItem\",\"position\":3,\"name\":\"El Anej\u00f3n 2019\"}]},{\"@type\":\"WebSite\",\"@id\":\"https:\\\/\\\/lanuevabodega.es\\\/#website\",\"url\":\"https:\\\/\\\/lanuevabodega.es\\\/\",\"name\":\"lanuevabodega\",\"description\":\"Tienda de Alimentaci\u00f3n\",\"publisher\":{\"@id\":\"https:\\\/\\\/lanuevabodega.es\\\/#organization\"},\"potentialAction\":[{\"@type\":\"SearchAction\",\"target\":{\"@type\":\"EntryPoint\",\"urlTemplate\":\"https:\\\/\\\/lanuevabodega.es\\\/?s={search_term_string}\"},\"query-input\":{\"@type\":\"PropertyValueSpecification\",\"valueRequired\":true,\"valueName\":\"search_term_string\"}}],\"inLanguage\":\"en-GB\"},{\"@type\":\"Organization\",\"@id\":\"https:\\\/\\\/lanuevabodega.es\\\/#organization\",\"name\":\"lanuevabodega\",\"url\":\"https:\\\/\\\/lanuevabodega.es\\\/\",\"logo\":{\"@type\":\"ImageObject\",\"inLanguage\":\"en-GB\",\"@id\":\"https:\\\/\\\/lanuevabodega.es\\\/#\\\/schema\\\/logo\\\/image\\\/\",\"url\":\"https:\\\/\\\/lanuevabodega.es\\\/wp-content\\\/uploads\\\/2024\\\/01\\\/logo_cambiado-e1708800542544.png\",\"contentUrl\":\"https:\\\/\\\/lanuevabodega.es\\\/wp-content\\\/uploads\\\/2024\\\/01\\\/logo_cambiado-e1708800542544.png\",\"width\":1467,\"height\":1450,\"caption\":\"lanuevabodega\"},\"image\":{\"@id\":\"https:\\\/\\\/lanuevabodega.es\\\/#\\\/schema\\\/logo\\\/image\\\/\"}}]}<\/script>\n<!-- \/ Yoast SEO plugin. -->","yoast_head_json":{"title":"El Anej\u00f3n 2019 - lanuevabodega","robots":{"index":"index","follow":"follow","max-snippet":"max-snippet:-1","max-image-preview":"max-image-preview:large","max-video-preview":"max-video-preview:-1"},"canonical":"https:\/\/lanuevabodega.es\/en\/product\/el-anejon-2019\/","og_locale":"en_GB","og_type":"article","og_title":"El Anej\u00f3n 2019 - lanuevabodega","og_description":"El Anej\u00f3n surge de un lugar \u00fanico dentro de Pago de Carraovejas, ubicado en uno de los pocos vi\u00f1edos de la Ribera del Duero plantado en terrazas, algo m\u00e1s t\u00edpico de otras regiones. Las primeras vinificaciones revelaron que estas vi\u00f1as produc\u00edan uvas con una personalidad distinta, caracterizadas por notas m\u00e1s florales que frutales. Esto llev\u00f3 [&hellip;]","og_url":"https:\/\/lanuevabodega.es\/en\/product\/el-anejon-2019\/","og_site_name":"lanuevabodega","article_modified_time":"2024-08-26T22:05:05+00:00","og_image":[{"width":504,"height":800,"url":"https:\/\/lanuevabodega.es\/wp-content\/uploads\/2024\/08\/bot-anejon-2019-estuche.png","type":"image\/png"}],"twitter_card":"summary_large_image","twitter_misc":{"Estimated reading time":"1 minute"},"schema":{"@context":"https:\/\/schema.org","@graph":[{"@type":"WebPage","@id":"https:\/\/lanuevabodega.es\/producto\/el-anejon-2019\/","url":"https:\/\/lanuevabodega.es\/producto\/el-anejon-2019\/","name":"El Anej\u00f3n 2019 - lanuevabodega","isPartOf":{"@id":"https:\/\/lanuevabodega.es\/#website"},"primaryImageOfPage":{"@id":"https:\/\/lanuevabodega.es\/producto\/el-anejon-2019\/#primaryimage"},"image":{"@id":"https:\/\/lanuevabodega.es\/producto\/el-anejon-2019\/#primaryimage"},"thumbnailUrl":"https:\/\/lanuevabodega.es\/wp-content\/uploads\/2024\/08\/bot-anejon-2019-estuche.png","datePublished":"2024-08-26T22:04:56+00:00","dateModified":"2024-08-26T22:05:05+00:00","breadcrumb":{"@id":"https:\/\/lanuevabodega.es\/producto\/el-anejon-2019\/#breadcrumb"},"inLanguage":"en-GB","potentialAction":[{"@type":"ReadAction","target":["https:\/\/lanuevabodega.es\/producto\/el-anejon-2019\/"]}]},{"@type":"ImageObject","inLanguage":"en-GB","@id":"https:\/\/lanuevabodega.es\/producto\/el-anejon-2019\/#primaryimage","url":"https:\/\/lanuevabodega.es\/wp-content\/uploads\/2024\/08\/bot-anejon-2019-estuche.png","contentUrl":"https:\/\/lanuevabodega.es\/wp-content\/uploads\/2024\/08\/bot-anejon-2019-estuche.png","width":504,"height":800},{"@type":"BreadcrumbList","@id":"https:\/\/lanuevabodega.es\/producto\/el-anejon-2019\/#breadcrumb","itemListElement":[{"@type":"ListItem","position":1,"name":"Portada","item":"https:\/\/lanuevabodega.es\/"},{"@type":"ListItem","position":2,"name":"Productos","item":"https:\/\/lanuevabodega.es\/shop\/"},{"@type":"ListItem","position":3,"name":"El Anej\u00f3n 2019"}]},{"@type":"WebSite","@id":"https:\/\/lanuevabodega.es\/#website","url":"https:\/\/lanuevabodega.es\/","name":"lanuevabodega","description":"Tienda de Alimentaci\u00f3n","publisher":{"@id":"https:\/\/lanuevabodega.es\/#organization"},"potentialAction":[{"@type":"SearchAction","target":{"@type":"EntryPoint","urlTemplate":"https:\/\/lanuevabodega.es\/?s={search_term_string}"},"query-input":{"@type":"PropertyValueSpecification","valueRequired":true,"valueName":"search_term_string"}}],"inLanguage":"en-GB"},{"@type":"Organization","@id":"https:\/\/lanuevabodega.es\/#organization","name":"lanuevabodega","url":"https:\/\/lanuevabodega.es\/","logo":{"@type":"ImageObject","inLanguage":"en-GB","@id":"https:\/\/lanuevabodega.es\/#\/schema\/logo\/image\/","url":"https:\/\/lanuevabodega.es\/wp-content\/uploads\/2024\/01\/logo_cambiado-e1708800542544.png","contentUrl":"https:\/\/lanuevabodega.es\/wp-content\/uploads\/2024\/01\/logo_cambiado-e1708800542544.png","width":1467,"height":1450,"caption":"lanuevabodega"},"image":{"@id":"https:\/\/lanuevabodega.es\/#\/schema\/logo\/image\/"}}]}},"_links":{"self":[{"href":"https:\/\/lanuevabodega.es\/en\/wp-json\/wp\/v2\/product\/661","targetHints":{"allow":["GET"]}}],"collection":[{"href":"https:\/\/lanuevabodega.es\/en\/wp-json\/wp\/v2\/product"}],"about":[{"href":"https:\/\/lanuevabodega.es\/en\/wp-json\/wp\/v2\/types\/product"}],"replies":[{"embeddable":true,"href":"https:\/\/lanuevabodega.es\/en\/wp-json\/wp\/v2\/comments?post=661"}],"wp:featuredmedia":[{"embeddable":true,"href":"https:\/\/lanuevabodega.es\/en\/wp-json\/wp\/v2\/media\/676"}],"wp:attachment":[{"href":"https:\/\/lanuevabodega.es\/en\/wp-json\/wp\/v2\/media?parent=661"}],"wp:term":[{"taxonomy":"product_brand","embeddable":true,"href":"https:\/\/lanuevabodega.es\/en\/wp-json\/wp\/v2\/product_brand?post=661"},{"taxonomy":"product_cat","embeddable":true,"href":"https:\/\/lanuevabodega.es\/en\/wp-json\/wp\/v2\/product_cat?post=661"},{"taxonomy":"product_tag","embeddable":true,"href":"https:\/\/lanuevabodega.es\/en\/wp-json\/wp\/v2\/product_tag?post=661"}],"curies":[{"name":"wp","href":"https:\/\/api.w.org\/{rel}","templated":true}]}}