{"id":655,"date":"2024-08-26T22:04:54","date_gmt":"2024-08-26T22:04:54","guid":{"rendered":"https:\/\/lanuevabodega.es\/?post_type=product&#038;p=655"},"modified":"2024-08-26T22:04:59","modified_gmt":"2024-08-26T22:04:59","slug":"carmelo-rodero-9-meses-2022","status":"publish","type":"product","link":"https:\/\/lanuevabodega.es\/en\/product\/carmelo-rodero-9-meses-2022\/","title":{"rendered":"Carmelo Rodero 9 Meses 2022"},"content":{"rendered":"<p>Carmelo Rodero elabora su 9 Meses con Tempranillo como uva principal, respetando fielmente la tradici\u00f3n de la Ribera del Duero. Una suave crianza aporta redondez y refinamiento al vino, ofreciendo una excelente oportunidad para disfrutar de esta variedad emblem\u00e1tica de la regi\u00f3n. En nariz destacan aromas florales, frutos rojos y toques l\u00e1cticos, mientras que en boca se presenta con un equilibrio impecable.<\/p>","protected":false},"excerpt":{"rendered":"<p>Carmelo Rodero elabora su 9 Meses con Tempranillo como uva principal, respetando fielmente la tradici\u00f3n de la Ribera del Duero. Una suave crianza aporta redondez y refinamiento al vino, ofreciendo una excelente oportunidad para disfrutar de esta variedad emblem\u00e1tica de la regi\u00f3n. En nariz destacan aromas florales, frutos rojos y toques l\u00e1cticos, mientras que en [&hellip;]<\/p>\n","protected":false},"featured_media":671,"comment_status":"open","ping_status":"closed","template":"","meta":[],"product_brand":[],"product_cat":[30,19],"product_tag":[],"class_list":{"0":"post-655","1":"product","2":"type-product","3":"status-publish","4":"has-post-thumbnail","6":"product_cat-ribera-del-duero","7":"product_cat-vinos","9":"first","10":"instock","11":"shipping-taxable","12":"purchasable","13":"product-type-simple"},"yoast_head":"<!-- This site is optimized with the Yoast SEO plugin v27.4 - https:\/\/yoast.com\/product\/yoast-seo-wordpress\/ -->\n<title>Carmelo Rodero 9 Meses 2022 - lanuevabodega<\/title>\n<meta name=\"robots\" content=\"index, follow, max-snippet:-1, max-image-preview:large, max-video-preview:-1\" \/>\n<link rel=\"canonical\" href=\"https:\/\/lanuevabodega.es\/en\/product\/carmelo-rodero-9-meses-2022\/\" \/>\n<meta property=\"og:locale\" content=\"en_GB\" \/>\n<meta property=\"og:type\" content=\"article\" \/>\n<meta property=\"og:title\" content=\"Carmelo Rodero 9 Meses 2022 - lanuevabodega\" \/>\n<meta property=\"og:description\" content=\"Carmelo Rodero elabora su 9 Meses con Tempranillo como uva principal, respetando fielmente la tradici\u00f3n de la Ribera del Duero. Una suave crianza aporta redondez y refinamiento al vino, ofreciendo una excelente oportunidad para disfrutar de esta variedad emblem\u00e1tica de la regi\u00f3n. En nariz destacan aromas florales, frutos rojos y toques l\u00e1cticos, mientras que en [&hellip;]\" \/>\n<meta property=\"og:url\" content=\"https:\/\/lanuevabodega.es\/en\/product\/carmelo-rodero-9-meses-2022\/\" \/>\n<meta property=\"og:site_name\" content=\"lanuevabodega\" \/>\n<meta property=\"article:modified_time\" content=\"2024-08-26T22:04:59+00:00\" \/>\n<meta property=\"og:image\" content=\"https:\/\/lanuevabodega.es\/wp-content\/uploads\/2024\/08\/bot-carmelo-rodero-9meses-2022.png\" \/>\n\t<meta property=\"og:image:width\" content=\"504\" \/>\n\t<meta property=\"og:image:height\" content=\"800\" \/>\n\t<meta property=\"og:image:type\" content=\"image\/png\" \/>\n<meta name=\"twitter:card\" content=\"summary_large_image\" \/>\n<script type=\"application\/ld+json\" class=\"yoast-schema-graph\">{\"@context\":\"https:\\\/\\\/schema.org\",\"@graph\":[{\"@type\":\"WebPage\",\"@id\":\"https:\\\/\\\/lanuevabodega.es\\\/producto\\\/carmelo-rodero-9-meses-2022\\\/\",\"url\":\"https:\\\/\\\/lanuevabodega.es\\\/producto\\\/carmelo-rodero-9-meses-2022\\\/\",\"name\":\"Carmelo Rodero 9 Meses 2022 - lanuevabodega\",\"isPartOf\":{\"@id\":\"https:\\\/\\\/lanuevabodega.es\\\/#website\"},\"primaryImageOfPage\":{\"@id\":\"https:\\\/\\\/lanuevabodega.es\\\/producto\\\/carmelo-rodero-9-meses-2022\\\/#primaryimage\"},\"image\":{\"@id\":\"https:\\\/\\\/lanuevabodega.es\\\/producto\\\/carmelo-rodero-9-meses-2022\\\/#primaryimage\"},\"thumbnailUrl\":\"https:\\\/\\\/lanuevabodega.es\\\/wp-content\\\/uploads\\\/2024\\\/08\\\/bot-carmelo-rodero-9meses-2022.png\",\"datePublished\":\"2024-08-26T22:04:54+00:00\",\"dateModified\":\"2024-08-26T22:04:59+00:00\",\"breadcrumb\":{\"@id\":\"https:\\\/\\\/lanuevabodega.es\\\/producto\\\/carmelo-rodero-9-meses-2022\\\/#breadcrumb\"},\"inLanguage\":\"en-GB\",\"potentialAction\":[{\"@type\":\"ReadAction\",\"target\":[\"https:\\\/\\\/lanuevabodega.es\\\/producto\\\/carmelo-rodero-9-meses-2022\\\/\"]}]},{\"@type\":\"ImageObject\",\"inLanguage\":\"en-GB\",\"@id\":\"https:\\\/\\\/lanuevabodega.es\\\/producto\\\/carmelo-rodero-9-meses-2022\\\/#primaryimage\",\"url\":\"https:\\\/\\\/lanuevabodega.es\\\/wp-content\\\/uploads\\\/2024\\\/08\\\/bot-carmelo-rodero-9meses-2022.png\",\"contentUrl\":\"https:\\\/\\\/lanuevabodega.es\\\/wp-content\\\/uploads\\\/2024\\\/08\\\/bot-carmelo-rodero-9meses-2022.png\",\"width\":504,\"height\":800},{\"@type\":\"BreadcrumbList\",\"@id\":\"https:\\\/\\\/lanuevabodega.es\\\/producto\\\/carmelo-rodero-9-meses-2022\\\/#breadcrumb\",\"itemListElement\":[{\"@type\":\"ListItem\",\"position\":1,\"name\":\"Portada\",\"item\":\"https:\\\/\\\/lanuevabodega.es\\\/\"},{\"@type\":\"ListItem\",\"position\":2,\"name\":\"Productos\",\"item\":\"https:\\\/\\\/lanuevabodega.es\\\/shop\\\/\"},{\"@type\":\"ListItem\",\"position\":3,\"name\":\"Carmelo Rodero 9 Meses 2022\"}]},{\"@type\":\"WebSite\",\"@id\":\"https:\\\/\\\/lanuevabodega.es\\\/#website\",\"url\":\"https:\\\/\\\/lanuevabodega.es\\\/\",\"name\":\"lanuevabodega\",\"description\":\"Tienda de Alimentaci\u00f3n\",\"publisher\":{\"@id\":\"https:\\\/\\\/lanuevabodega.es\\\/#organization\"},\"potentialAction\":[{\"@type\":\"SearchAction\",\"target\":{\"@type\":\"EntryPoint\",\"urlTemplate\":\"https:\\\/\\\/lanuevabodega.es\\\/?s={search_term_string}\"},\"query-input\":{\"@type\":\"PropertyValueSpecification\",\"valueRequired\":true,\"valueName\":\"search_term_string\"}}],\"inLanguage\":\"en-GB\"},{\"@type\":\"Organization\",\"@id\":\"https:\\\/\\\/lanuevabodega.es\\\/#organization\",\"name\":\"lanuevabodega\",\"url\":\"https:\\\/\\\/lanuevabodega.es\\\/\",\"logo\":{\"@type\":\"ImageObject\",\"inLanguage\":\"en-GB\",\"@id\":\"https:\\\/\\\/lanuevabodega.es\\\/#\\\/schema\\\/logo\\\/image\\\/\",\"url\":\"https:\\\/\\\/lanuevabodega.es\\\/wp-content\\\/uploads\\\/2024\\\/01\\\/logo_cambiado-e1708800542544.png\",\"contentUrl\":\"https:\\\/\\\/lanuevabodega.es\\\/wp-content\\\/uploads\\\/2024\\\/01\\\/logo_cambiado-e1708800542544.png\",\"width\":1467,\"height\":1450,\"caption\":\"lanuevabodega\"},\"image\":{\"@id\":\"https:\\\/\\\/lanuevabodega.es\\\/#\\\/schema\\\/logo\\\/image\\\/\"}}]}<\/script>\n<!-- \/ Yoast SEO plugin. -->","yoast_head_json":{"title":"Carmelo Rodero 9 Meses 2022 - lanuevabodega","robots":{"index":"index","follow":"follow","max-snippet":"max-snippet:-1","max-image-preview":"max-image-preview:large","max-video-preview":"max-video-preview:-1"},"canonical":"https:\/\/lanuevabodega.es\/en\/product\/carmelo-rodero-9-meses-2022\/","og_locale":"en_GB","og_type":"article","og_title":"Carmelo Rodero 9 Meses 2022 - lanuevabodega","og_description":"Carmelo Rodero elabora su 9 Meses con Tempranillo como uva principal, respetando fielmente la tradici\u00f3n de la Ribera del Duero. Una suave crianza aporta redondez y refinamiento al vino, ofreciendo una excelente oportunidad para disfrutar de esta variedad emblem\u00e1tica de la regi\u00f3n. En nariz destacan aromas florales, frutos rojos y toques l\u00e1cticos, mientras que en [&hellip;]","og_url":"https:\/\/lanuevabodega.es\/en\/product\/carmelo-rodero-9-meses-2022\/","og_site_name":"lanuevabodega","article_modified_time":"2024-08-26T22:04:59+00:00","og_image":[{"width":504,"height":800,"url":"https:\/\/lanuevabodega.es\/wp-content\/uploads\/2024\/08\/bot-carmelo-rodero-9meses-2022.png","type":"image\/png"}],"twitter_card":"summary_large_image","schema":{"@context":"https:\/\/schema.org","@graph":[{"@type":"WebPage","@id":"https:\/\/lanuevabodega.es\/producto\/carmelo-rodero-9-meses-2022\/","url":"https:\/\/lanuevabodega.es\/producto\/carmelo-rodero-9-meses-2022\/","name":"Carmelo Rodero 9 Meses 2022 - lanuevabodega","isPartOf":{"@id":"https:\/\/lanuevabodega.es\/#website"},"primaryImageOfPage":{"@id":"https:\/\/lanuevabodega.es\/producto\/carmelo-rodero-9-meses-2022\/#primaryimage"},"image":{"@id":"https:\/\/lanuevabodega.es\/producto\/carmelo-rodero-9-meses-2022\/#primaryimage"},"thumbnailUrl":"https:\/\/lanuevabodega.es\/wp-content\/uploads\/2024\/08\/bot-carmelo-rodero-9meses-2022.png","datePublished":"2024-08-26T22:04:54+00:00","dateModified":"2024-08-26T22:04:59+00:00","breadcrumb":{"@id":"https:\/\/lanuevabodega.es\/producto\/carmelo-rodero-9-meses-2022\/#breadcrumb"},"inLanguage":"en-GB","potentialAction":[{"@type":"ReadAction","target":["https:\/\/lanuevabodega.es\/producto\/carmelo-rodero-9-meses-2022\/"]}]},{"@type":"ImageObject","inLanguage":"en-GB","@id":"https:\/\/lanuevabodega.es\/producto\/carmelo-rodero-9-meses-2022\/#primaryimage","url":"https:\/\/lanuevabodega.es\/wp-content\/uploads\/2024\/08\/bot-carmelo-rodero-9meses-2022.png","contentUrl":"https:\/\/lanuevabodega.es\/wp-content\/uploads\/2024\/08\/bot-carmelo-rodero-9meses-2022.png","width":504,"height":800},{"@type":"BreadcrumbList","@id":"https:\/\/lanuevabodega.es\/producto\/carmelo-rodero-9-meses-2022\/#breadcrumb","itemListElement":[{"@type":"ListItem","position":1,"name":"Portada","item":"https:\/\/lanuevabodega.es\/"},{"@type":"ListItem","position":2,"name":"Productos","item":"https:\/\/lanuevabodega.es\/shop\/"},{"@type":"ListItem","position":3,"name":"Carmelo Rodero 9 Meses 2022"}]},{"@type":"WebSite","@id":"https:\/\/lanuevabodega.es\/#website","url":"https:\/\/lanuevabodega.es\/","name":"lanuevabodega","description":"Tienda de Alimentaci\u00f3n","publisher":{"@id":"https:\/\/lanuevabodega.es\/#organization"},"potentialAction":[{"@type":"SearchAction","target":{"@type":"EntryPoint","urlTemplate":"https:\/\/lanuevabodega.es\/?s={search_term_string}"},"query-input":{"@type":"PropertyValueSpecification","valueRequired":true,"valueName":"search_term_string"}}],"inLanguage":"en-GB"},{"@type":"Organization","@id":"https:\/\/lanuevabodega.es\/#organization","name":"lanuevabodega","url":"https:\/\/lanuevabodega.es\/","logo":{"@type":"ImageObject","inLanguage":"en-GB","@id":"https:\/\/lanuevabodega.es\/#\/schema\/logo\/image\/","url":"https:\/\/lanuevabodega.es\/wp-content\/uploads\/2024\/01\/logo_cambiado-e1708800542544.png","contentUrl":"https:\/\/lanuevabodega.es\/wp-content\/uploads\/2024\/01\/logo_cambiado-e1708800542544.png","width":1467,"height":1450,"caption":"lanuevabodega"},"image":{"@id":"https:\/\/lanuevabodega.es\/#\/schema\/logo\/image\/"}}]}},"_links":{"self":[{"href":"https:\/\/lanuevabodega.es\/en\/wp-json\/wp\/v2\/product\/655","targetHints":{"allow":["GET"]}}],"collection":[{"href":"https:\/\/lanuevabodega.es\/en\/wp-json\/wp\/v2\/product"}],"about":[{"href":"https:\/\/lanuevabodega.es\/en\/wp-json\/wp\/v2\/types\/product"}],"replies":[{"embeddable":true,"href":"https:\/\/lanuevabodega.es\/en\/wp-json\/wp\/v2\/comments?post=655"}],"wp:featuredmedia":[{"embeddable":true,"href":"https:\/\/lanuevabodega.es\/en\/wp-json\/wp\/v2\/media\/671"}],"wp:attachment":[{"href":"https:\/\/lanuevabodega.es\/en\/wp-json\/wp\/v2\/media?parent=655"}],"wp:term":[{"taxonomy":"product_brand","embeddable":true,"href":"https:\/\/lanuevabodega.es\/en\/wp-json\/wp\/v2\/product_brand?post=655"},{"taxonomy":"product_cat","embeddable":true,"href":"https:\/\/lanuevabodega.es\/en\/wp-json\/wp\/v2\/product_cat?post=655"},{"taxonomy":"product_tag","embeddable":true,"href":"https:\/\/lanuevabodega.es\/en\/wp-json\/wp\/v2\/product_tag?post=655"}],"curies":[{"name":"wp","href":"https:\/\/api.w.org\/{rel}","templated":true}]}}