{"id":331,"date":"2024-07-18T08:36:14","date_gmt":"2024-07-18T08:36:14","guid":{"rendered":"https:\/\/lanuevabodega.es\/?page_id=331"},"modified":"2024-08-25T21:16:46","modified_gmt":"2024-08-25T21:16:46","slug":"aviso-legal","status":"publish","type":"page","link":"https:\/\/lanuevabodega.es\/en\/aviso-legal\/","title":{"rendered":"Legal notice"},"content":{"rendered":"<div data-elementor-type=\"wp-page\" data-elementor-id=\"331\" class=\"elementor elementor-331\" data-elementor-post-type=\"page\">\n\t\t\t\t<div class=\"elementor-element elementor-element-184187f e-flex e-con-boxed e-con e-parent\" data-id=\"184187f\" data-element_type=\"container\" data-e-type=\"container\">\n\t\t\t\t\t<div class=\"e-con-inner\">\n\t\t\t\t<div class=\"elementor-element elementor-element-b4f67d8 elementor-widget elementor-widget-heading\" data-id=\"b4f67d8\" data-element_type=\"widget\" data-e-type=\"widget\" data-widget_type=\"heading.default\">\n\t\t\t\t<div class=\"elementor-widget-container\">\n\t\t\t\t\t<h2 class=\"elementor-heading-title elementor-size-default\">Legal notice<\/h2>\t\t\t\t<\/div>\n\t\t\t\t<\/div>\n\t\t\t\t<div class=\"elementor-element elementor-element-21e8fc39 elementor-widget elementor-widget-text-editor\" data-id=\"21e8fc39\" data-element_type=\"widget\" data-e-type=\"widget\" data-widget_type=\"text-editor.default\">\n\t\t\t\t<div class=\"elementor-widget-container\">\n\t\t\t\t\t\t\t\t\t\n<p><span style=\"color: #000000;\"><em>En virtud del cumplimiento de la Ley 34\/2002, de 11 de Julio, de Servicios de la Sociedad de la Informaci\u00f3n y de Comercio Electr\u00f3nico, le informamos<\/em>\u00a0<\/span><\/p>\n<p><span style=\"color: #000000;\"><\/span><\/p>\n<p><span style=\"color: #000000;\"><strong>\u202f1. Objeto<\/strong>\u00a0<\/span><\/p>\n<p><span style=\"color: #000000;\"><\/span><\/p>\n<p><span style=\"color: #000000;\"><strong>Art. 10 LSSI:<\/strong> <a style=\"color: #000000;\" href=\"http:\/\/www.mentedespierta.es\/\" target=\"_blank\" rel=\"noreferrer noopener\">www.lanuevabodega.es<\/a>\u00a0 es un dominio en internet de titularidad de ALIMENTACI\u00d3N LA NUEVA BODEGA S.L. La empresa consta inscrita en el Dep\u00f3sito de Estatutos de Organismos empresariales, profesional y sindicales de trabajadores de la Junta de Castilla y Le\u00f3n.\u00a0<\/span><\/p>\n<p><span style=\"color: #000000;\"><\/span><\/p>\n<p><span style=\"color: #000000;\"><strong>Este Aviso Legal regula la utilizaci\u00f3n de dicho dominio.<\/strong>\u00a0<\/span><\/p>\n<p><span style=\"color: #000000;\"><\/span><\/p>\n<p><span style=\"color: #000000;\">La utilizaci\u00f3n de este sitio web implica la aceptaci\u00f3n por parte del Usuario de las condiciones de uso incluidas en este Aviso como tambi\u00e9n nuestras pol\u00edticas sobre \u2018Protecci\u00f3n de Datos y Privacidad\u2019 y \u2018Pol\u00edtica de uso de Cookies\u2019. En el caso de que ciertos servicios contenidos y\/o herramientas ofrecidos a trav\u00e9s de este \u201cPortal\u201d requirieran de la aplicaci\u00f3n condiciones particulares estas se pondr\u00e1n a disposici\u00f3n del Usuario.\u00a0<\/span><\/p>\n<p><span style=\"color: #000000;\"><\/span><\/p>\n<p>\u00a0<\/p>\n<p><span style=\"color: #000000;\"><\/span><\/p>\n<p><span style=\"color: #000000;\">Por otra parte, ALIMENTACI\u00d3N LA NUEVA BODEGA S.L. advierte que, tanto los contenidos y servicios de esta p\u00e1gina web como las propias condiciones de utilizaci\u00f3n, pueden ser modificados sin notificaci\u00f3n previa.\u00a0<\/span><\/p>\n<p><span style=\"color: #000000;\"><\/span><\/p>\n<ul class=\"wp-block-list\">\n<li><span style=\"color: #000000;\"><strong>Condiciones de utilizaci\u00f3n.<\/strong>\u00a0<\/span><\/li>\n<\/ul>\n<p><span style=\"color: #000000;\"><\/span><\/p>\n<p><span style=\"color: #000000;\">El Usuario se compromete a que, en los apartados en que sea necesario que se registre para poder acceder a los mismos, facilitar datos veraces, exactos y completos sobre su identidad. Adem\u00e1s, se compromete a mantener actualizados los datos personales que pudieran ser proporcionados a titular del dominio, por lo tanto, \u00fanico responsable de las falsedades o inexactitudes que realice.\u00a0<\/span><\/p>\n<p><span style=\"color: #000000;\"><\/span><\/p>\n<p><span style=\"color: #000000;\">Se informa que en caso de ser menor de edad deber\u00e1 obtener el permiso de sus padres, tutores o representantes legales para poder acceder a los servicios prestados. ALIMENTACI\u00d3N LA NUEVA BODEGA S.L. no se responsabiliza en el caso de que los datos sobre este tema sean inexactos o falsos.\u00a0<\/span><\/p>\n<p><span style=\"color: #000000;\"><\/span><\/p>\n<p><span style=\"color: #000000;\">El \u201cportal\u201d s\u00f3lo puede ser utilizado con prop\u00f3sitos legales por tanto el usuario se obliga a hacer un uso l\u00edcito y honrado del portal y conforme a las presentes Condiciones Generales de Uso, a No utilizar los servicios del \u201cportal\u201d para la realizaci\u00f3n de actividades contrarias a las legislaci\u00f3n espa\u00f1ola, a la moral y al orden p\u00fablico, asumiendo por parte del usuario todas las responsabilidades de da\u00f1os y perjuicios frente al titular del dominio o terceros que pudieran derivarse de pr\u00e1cticas ilegales o no permitidas entres otras y a t\u00edtulo enunciativo y no limitativo:\u00a0<\/span><\/p>\n<p><span style=\"color: #000000;\"><\/span><\/p>\n<ul class=\"wp-block-list\">\n<li><span style=\"color: #000000;\">Realizar sin previo consentimiento por parte del titular del dominio cualquier manipulaci\u00f3n o alteraci\u00f3n de esta p\u00e1gina, no asumiendo el titular del dominio ninguna responsabilidad que pudiera derivarse, de dicha manipulaci\u00f3n o alteraci\u00f3n por terceros\u00a0<\/span><\/li>\n<\/ul>\n<p><span style=\"color: #000000;\"><\/span><\/p>\n<ul class=\"wp-block-list\">\n<li><span style=\"color: #000000;\">Realizar cualquier acto que pueda da\u00f1ar, inutilizar, sobrecargar, o deteriorar el Portal y los servicios y\/o impedir el normal uso y utilizaci\u00f3n por parte de los Usuarios\u00a0<\/span><\/li>\n<\/ul>\n<p><span style=\"color: #000000;\"><\/span><\/p>\n<ul class=\"wp-block-list\">\n<li><span style=\"color: #000000;\">Introducir y\/o Utilizar programas de ordenador, datos, archivos defectuosos, virus, c\u00f3digo malicioso, equipos inform\u00e1ticos o de telecomunicaciones o cualquier otro, independientemente de su naturaleza que pueda causar da\u00f1os en el Portal, en cualquiera de los servicios, o en cualesquiera activos (f\u00edsicos o l\u00f3gicos) de los sistemas de informaci\u00f3n de titular del dominio\u00a0<\/span><\/li>\n<\/ul>\n<p><span style=\"color: #000000;\"><\/span><\/p>\n<ul class=\"wp-block-list\">\n<li><span style=\"color: #000000;\">Violar los derechos de terceros a la intimidad, la propia imagen, la protecci\u00f3n de datos al secreto en las comunicaciones, a la propiedad intelectual e industrial.\u00a0<\/span><\/li>\n<\/ul>\n<p><span style=\"color: #000000;\"><\/span><\/p>\n<ul class=\"wp-block-list\">\n<li><span style=\"color: #000000;\">Ocultar y falsear el origen de mensajes de correo electr\u00f3nico\u00a0<\/span><\/li>\n<\/ul>\n<p><span style=\"color: #000000;\"><\/span><\/p>\n<ul class=\"wp-block-list\">\n<li><span style=\"color: #000000;\">Utilizar identidades falsas, suplantar la identidad de otros en la utilizaci\u00f3n del Portal o en la utilizaci\u00f3n de cualquiera de los servicios\u00a0<\/span><\/li>\n<\/ul>\n<p><span style=\"color: #000000;\"><\/span><\/p>\n<ul class=\"wp-block-list\">\n<li><span style=\"color: #000000;\">Reproducir, distribuir, modificar o copiar el contenido de esta p\u00e1gina, salvo que de disponga de la autorizaci\u00f3n del titular del dominio o est\u00e9 legalmente autorizado.\u00a0<\/span><\/li>\n<\/ul>\n<p><span style=\"color: #000000;\"><\/span><\/p>\n<ul class=\"wp-block-list\">\n<li><span style=\"color: #000000;\">Transmitir a terceros no autorizados los nombres de Usuario y las claves de acceso\u00a0<\/span><\/li>\n<\/ul>\n<p><span style=\"color: #000000;\"><\/span><\/p>\n<p><span style=\"color: #000000;\">ALIMENTACI\u00d3N LA NUEVA BODEGA S.L. no responde de los Enlaces (LINKS) a otras p\u00e1ginas de Internet de terceros y su existencia no implica que ALIMENTACI\u00d3N LA NUEVA BODEGA S.L.\u202fapruebe o acepte sus contenidos y servicios. Estas otras p\u00e1ginas web no est\u00e1n controladas por ALIMENTACI\u00d3N LA NUEVA BODEGA S.L.\u202fni cubiertas por la presente Pol\u00edtica de Privacidad. Si accede a otras p\u00e1ginas web utilizando los enlaces proporcionados, los operadores de dichos sitios web podr\u00e1n recoger su informaci\u00f3n personal. Aseg\u00farese que est\u00e1 conforme con las Pol\u00edticas de Privacidad de estas terceras p\u00e1ginas web antes de facilitar ning\u00fan tipo de informaci\u00f3n personal.\u00a0<\/span><\/p>\n<p><span style=\"color: #000000;\"><\/span><\/p>\n<p><span style=\"color: #000000;\">Con car\u00e1cter general, el titular del dominio, excluye su responsabilidad por los da\u00f1os y perjuicios de cualquier naturaleza e \u00edndole que pudieran derivarse del uso del sitio web de, as\u00ed como a los da\u00f1os y perjuicios derivados\u202f de la infracci\u00f3n de los derechos de propiedad Intelectual e Industrial por parte de los usuarios y\/o la falta de veracidad, exactitud,\u202f y actualidad de los contenidos, ni le podr\u00e1n ser exigidas responsabilidades por la interrupci\u00f3n del servicio, inadecuado funcionamiento o imposibilidad de acceso al servicio.\u00a0<\/span><\/p>\n<p><span style=\"color: #000000;\"><\/span><\/p>\n<p><span style=\"color: #000000;\">El titular del dominio no ser\u00e1 responsable por los da\u00f1os y perjuicios causados por la presencia de virus o cualquier otro software lesivo que pueda producir alteraciones en el sistema inform\u00e1tico del Usuario.\u00a0<\/span><\/p>\n<p><span style=\"color: #000000;\"><\/span><\/p>\n<p><span style=\"color: #000000;\">El sitio web, incluyendo a t\u00edtulo enunciativo, pero no limitativo, su programaci\u00f3n, dise\u00f1os, logotipos, texto y\/o gr\u00e1ficos son propiedad del prestador o en su caso dispone de licencia o autorizaci\u00f3n expresa por parte de los autores.\u00a0<\/span><\/p>\n<p><span style=\"color: #000000;\"><\/span><\/p>\n<p><span style=\"color: #000000;\">Independientemente de la finalidad para la que fueran destinados, la reproducci\u00f3n total o parcial, uso, explotaci\u00f3n, distribuci\u00f3n y comercializaci\u00f3n, requiere en todo caso de la autorizaci\u00f3n escrita previa por parte del titular del dominio.\u00a0<\/span><\/p>\n<p><span style=\"color: #000000;\"><\/span><\/p>\n<p><span style=\"color: #000000;\">El usuario se compromete a no realizar ning\u00fan acto en contra de los derechos de propiedad intelectual o industrial del autor.\u00a0<\/span><\/p>\n<p><span style=\"color: #000000;\"><\/span><\/p>\n<p><span style=\"color: #000000;\">El prestador autoriza expresamente a que terceros puedan redirigir directamente a los contenidos concretos del sitio web, debiendo en todo caso redirigir al sitio web principal del prestador.\u00a0<\/span><\/p>\n<p><span style=\"color: #000000;\"><\/span><\/p>\n<ul class=\"wp-block-list\">\n<li><span style=\"color: #000000;\"><strong>Uso de cookies<\/strong>\u00a0<\/span><\/li>\n<\/ul>\n<p><span style=\"color: #000000;\"><\/span><\/p>\n<p><span style=\"color: #000000;\">ALIMENTACI\u00d3N LA NUEVA BODEGA S.L. como titular de esta web declara que utiliza procedimientos autom\u00e1ticos de recogida de informaci\u00f3n para guardar el registro de los Usuarios que visitan su p\u00e1gina web. Pulsa aqu\u00ed para acceder en nuestra pol\u00edtica de uso de cookies <a style=\"color: #000000;\" href=\"https:\/\/www.mentedespierta.es\/politica-de-cookies\" target=\"_blank\" rel=\"noreferrer noopener\">https:\/\/www.lanuevabodega.es\/politica-de-cookies<\/a>\u00a0<\/span><\/p>\n<p><span style=\"color: #000000;\"><\/span><\/p>\n<ul class=\"wp-block-list\">\n<li><span style=\"color: #000000;\"><strong>Protecci\u00f3n de datos<\/strong>\u00a0<\/span><\/li>\n<\/ul>\n<p><span style=\"color: #000000;\"><\/span><\/p>\n<p><span style=\"color: #000000;\">Puede consultar nuestra pol\u00edtica sobre protecci\u00f3n de datos de car\u00e1cter personal al siguiente apartado <a style=\"color: #000000;\" href=\"https:\/\/www.mentedespierta.es\/politica-de-privacidad\" target=\"_blank\" rel=\"noreferrer noopener\">https:\/\/www.lanuevabodega.es\/politica-de-privacidad<\/a>\u00a0<\/span><\/p>\n<p><span style=\"color: #000000;\"><\/span><\/p>\n<ul class=\"wp-block-list\">\n<li><span style=\"color: #000000;\"><strong>Legislaci\u00f3n aplicable<\/strong>\u00a0<\/span><\/li>\n<\/ul>\n<p><span style=\"color: #000000;\"><\/span><\/p>\n<p><span style=\"color: #000000;\">Las presentes Condiciones se regir\u00e1n en todo momento por lo dispuesto en la legislaci\u00f3n espa\u00f1ola.\u00a0<\/span><\/p>\n\t\t\t\t\t\t\t\t<\/div>\n\t\t\t\t<\/div>\n\t\t\t\t\t<\/div>\n\t\t\t\t<\/div>\n\t\t\t\t<\/div>","protected":false},"excerpt":{"rendered":"<p>Aviso legal En virtud del cumplimiento de la Ley 34\/2002, de 11 de Julio, de Servicios de la Sociedad de la Informaci\u00f3n y de Comercio Electr\u00f3nico, le informamos\u00a0 \u202f1. Objeto\u00a0 Art. 10 LSSI: www.lanuevabodega.es\u00a0 es un dominio en internet de titularidad de ALIMENTACI\u00d3N LA NUEVA BODEGA S.L. La empresa consta inscrita en el Dep\u00f3sito de [&hellip;]<\/p>\n","protected":false},"author":1,"featured_media":0,"parent":0,"menu_order":0,"comment_status":"closed","ping_status":"closed","template":"","meta":{"footnotes":""},"class_list":["post-331","page","type-page","status-publish","hentry"],"yoast_head":"<!-- This site is optimized with the Yoast SEO plugin v27.5 - https:\/\/yoast.com\/product\/yoast-seo-wordpress\/ -->\n<title>Aviso legal - lanuevabodega<\/title>\n<meta name=\"robots\" content=\"index, follow, max-snippet:-1, max-image-preview:large, max-video-preview:-1\" \/>\n<link rel=\"canonical\" href=\"https:\/\/lanuevabodega.es\/en\/aviso-legal\/\" \/>\n<meta property=\"og:locale\" content=\"en_GB\" \/>\n<meta property=\"og:type\" content=\"article\" \/>\n<meta property=\"og:title\" content=\"Aviso legal - lanuevabodega\" \/>\n<meta property=\"og:description\" content=\"Aviso legal En virtud del cumplimiento de la Ley 34\/2002, de 11 de Julio, de Servicios de la Sociedad de la Informaci\u00f3n y de Comercio Electr\u00f3nico, le informamos\u00a0 \u202f1. Objeto\u00a0 Art. 10 LSSI: www.lanuevabodega.es\u00a0 es un dominio en internet de titularidad de ALIMENTACI\u00d3N LA NUEVA BODEGA S.L. La empresa consta inscrita en el Dep\u00f3sito de [&hellip;]\" \/>\n<meta property=\"og:url\" content=\"https:\/\/lanuevabodega.es\/en\/aviso-legal\/\" \/>\n<meta property=\"og:site_name\" content=\"lanuevabodega\" \/>\n<meta property=\"article:modified_time\" content=\"2024-08-25T21:16:46+00:00\" \/>\n<meta name=\"twitter:card\" content=\"summary_large_image\" \/>\n<meta name=\"twitter:label1\" content=\"Estimated reading time\" \/>\n\t<meta name=\"twitter:data1\" content=\"6 minutes\" \/>\n<script type=\"application\/ld+json\" class=\"yoast-schema-graph\">{\"@context\":\"https:\\\/\\\/schema.org\",\"@graph\":[{\"@type\":\"WebPage\",\"@id\":\"https:\\\/\\\/lanuevabodega.es\\\/aviso-legal\\\/\",\"url\":\"https:\\\/\\\/lanuevabodega.es\\\/aviso-legal\\\/\",\"name\":\"Aviso legal - lanuevabodega\",\"isPartOf\":{\"@id\":\"https:\\\/\\\/lanuevabodega.es\\\/#website\"},\"datePublished\":\"2024-07-18T08:36:14+00:00\",\"dateModified\":\"2024-08-25T21:16:46+00:00\",\"breadcrumb\":{\"@id\":\"https:\\\/\\\/lanuevabodega.es\\\/aviso-legal\\\/#breadcrumb\"},\"inLanguage\":\"en-GB\",\"potentialAction\":[{\"@type\":\"ReadAction\",\"target\":[\"https:\\\/\\\/lanuevabodega.es\\\/aviso-legal\\\/\"]}]},{\"@type\":\"BreadcrumbList\",\"@id\":\"https:\\\/\\\/lanuevabodega.es\\\/aviso-legal\\\/#breadcrumb\",\"itemListElement\":[{\"@type\":\"ListItem\",\"position\":1,\"name\":\"Portada\",\"item\":\"https:\\\/\\\/lanuevabodega.es\\\/\"},{\"@type\":\"ListItem\",\"position\":2,\"name\":\"Aviso legal\"}]},{\"@type\":\"WebSite\",\"@id\":\"https:\\\/\\\/lanuevabodega.es\\\/#website\",\"url\":\"https:\\\/\\\/lanuevabodega.es\\\/\",\"name\":\"lanuevabodega\",\"description\":\"Tienda de Alimentaci\u00f3n\",\"publisher\":{\"@id\":\"https:\\\/\\\/lanuevabodega.es\\\/#organization\"},\"potentialAction\":[{\"@type\":\"SearchAction\",\"target\":{\"@type\":\"EntryPoint\",\"urlTemplate\":\"https:\\\/\\\/lanuevabodega.es\\\/?s={search_term_string}\"},\"query-input\":{\"@type\":\"PropertyValueSpecification\",\"valueRequired\":true,\"valueName\":\"search_term_string\"}}],\"inLanguage\":\"en-GB\"},{\"@type\":\"Organization\",\"@id\":\"https:\\\/\\\/lanuevabodega.es\\\/#organization\",\"name\":\"lanuevabodega\",\"url\":\"https:\\\/\\\/lanuevabodega.es\\\/\",\"logo\":{\"@type\":\"ImageObject\",\"inLanguage\":\"en-GB\",\"@id\":\"https:\\\/\\\/lanuevabodega.es\\\/#\\\/schema\\\/logo\\\/image\\\/\",\"url\":\"https:\\\/\\\/lanuevabodega.es\\\/wp-content\\\/uploads\\\/2024\\\/01\\\/logo_cambiado-e1708800542544.png\",\"contentUrl\":\"https:\\\/\\\/lanuevabodega.es\\\/wp-content\\\/uploads\\\/2024\\\/01\\\/logo_cambiado-e1708800542544.png\",\"width\":1467,\"height\":1450,\"caption\":\"lanuevabodega\"},\"image\":{\"@id\":\"https:\\\/\\\/lanuevabodega.es\\\/#\\\/schema\\\/logo\\\/image\\\/\"}}]}<\/script>\n<!-- \/ Yoast SEO plugin. -->","yoast_head_json":{"title":"Aviso legal - lanuevabodega","robots":{"index":"index","follow":"follow","max-snippet":"max-snippet:-1","max-image-preview":"max-image-preview:large","max-video-preview":"max-video-preview:-1"},"canonical":"https:\/\/lanuevabodega.es\/en\/aviso-legal\/","og_locale":"en_GB","og_type":"article","og_title":"Aviso legal - lanuevabodega","og_description":"Aviso legal En virtud del cumplimiento de la Ley 34\/2002, de 11 de Julio, de Servicios de la Sociedad de la Informaci\u00f3n y de Comercio Electr\u00f3nico, le informamos\u00a0 \u202f1. Objeto\u00a0 Art. 10 LSSI: www.lanuevabodega.es\u00a0 es un dominio en internet de titularidad de ALIMENTACI\u00d3N LA NUEVA BODEGA S.L. La empresa consta inscrita en el Dep\u00f3sito de [&hellip;]","og_url":"https:\/\/lanuevabodega.es\/en\/aviso-legal\/","og_site_name":"lanuevabodega","article_modified_time":"2024-08-25T21:16:46+00:00","twitter_card":"summary_large_image","twitter_misc":{"Estimated reading time":"6 minutes"},"schema":{"@context":"https:\/\/schema.org","@graph":[{"@type":"WebPage","@id":"https:\/\/lanuevabodega.es\/aviso-legal\/","url":"https:\/\/lanuevabodega.es\/aviso-legal\/","name":"Aviso legal - lanuevabodega","isPartOf":{"@id":"https:\/\/lanuevabodega.es\/#website"},"datePublished":"2024-07-18T08:36:14+00:00","dateModified":"2024-08-25T21:16:46+00:00","breadcrumb":{"@id":"https:\/\/lanuevabodega.es\/aviso-legal\/#breadcrumb"},"inLanguage":"en-GB","potentialAction":[{"@type":"ReadAction","target":["https:\/\/lanuevabodega.es\/aviso-legal\/"]}]},{"@type":"BreadcrumbList","@id":"https:\/\/lanuevabodega.es\/aviso-legal\/#breadcrumb","itemListElement":[{"@type":"ListItem","position":1,"name":"Portada","item":"https:\/\/lanuevabodega.es\/"},{"@type":"ListItem","position":2,"name":"Aviso legal"}]},{"@type":"WebSite","@id":"https:\/\/lanuevabodega.es\/#website","url":"https:\/\/lanuevabodega.es\/","name":"lanuevabodega","description":"Tienda de Alimentaci\u00f3n","publisher":{"@id":"https:\/\/lanuevabodega.es\/#organization"},"potentialAction":[{"@type":"SearchAction","target":{"@type":"EntryPoint","urlTemplate":"https:\/\/lanuevabodega.es\/?s={search_term_string}"},"query-input":{"@type":"PropertyValueSpecification","valueRequired":true,"valueName":"search_term_string"}}],"inLanguage":"en-GB"},{"@type":"Organization","@id":"https:\/\/lanuevabodega.es\/#organization","name":"lanuevabodega","url":"https:\/\/lanuevabodega.es\/","logo":{"@type":"ImageObject","inLanguage":"en-GB","@id":"https:\/\/lanuevabodega.es\/#\/schema\/logo\/image\/","url":"https:\/\/lanuevabodega.es\/wp-content\/uploads\/2024\/01\/logo_cambiado-e1708800542544.png","contentUrl":"https:\/\/lanuevabodega.es\/wp-content\/uploads\/2024\/01\/logo_cambiado-e1708800542544.png","width":1467,"height":1450,"caption":"lanuevabodega"},"image":{"@id":"https:\/\/lanuevabodega.es\/#\/schema\/logo\/image\/"}}]}},"_links":{"self":[{"href":"https:\/\/lanuevabodega.es\/en\/wp-json\/wp\/v2\/pages\/331","targetHints":{"allow":["GET"]}}],"collection":[{"href":"https:\/\/lanuevabodega.es\/en\/wp-json\/wp\/v2\/pages"}],"about":[{"href":"https:\/\/lanuevabodega.es\/en\/wp-json\/wp\/v2\/types\/page"}],"author":[{"embeddable":true,"href":"https:\/\/lanuevabodega.es\/en\/wp-json\/wp\/v2\/users\/1"}],"replies":[{"embeddable":true,"href":"https:\/\/lanuevabodega.es\/en\/wp-json\/wp\/v2\/comments?post=331"}],"version-history":[{"count":8,"href":"https:\/\/lanuevabodega.es\/en\/wp-json\/wp\/v2\/pages\/331\/revisions"}],"predecessor-version":[{"id":581,"href":"https:\/\/lanuevabodega.es\/en\/wp-json\/wp\/v2\/pages\/331\/revisions\/581"}],"wp:attachment":[{"href":"https:\/\/lanuevabodega.es\/en\/wp-json\/wp\/v2\/media?parent=331"}],"curies":[{"name":"wp","href":"https:\/\/api.w.org\/{rel}","templated":true}]}}